{"id":201,"date":"2016-01-09T15:17:18","date_gmt":"2016-01-09T13:17:18","guid":{"rendered":"http:\/\/localhost:8888\/rentacar-v2\/?page_id=201"},"modified":"2016-01-09T15:17:18","modified_gmt":"2016-01-09T13:17:18","slug":"arac-filomuz","status":"publish","type":"page","link":"https:\/\/www.malatyaoto.net\/en\/arac-filomuz\/","title":{"rendered":"Ara\u00e7 Filomuz"},"content":{"rendered":"","protected":false},"excerpt":{"rendered":"","protected":false},"author":1,"featured_media":0,"parent":0,"menu_order":0,"comment_status":"closed","ping_status":"closed","template":"template-vehicles.php","meta":{"footnotes":""},"yoast_head":"<!-- This site is optimized with the Yoast SEO Premium plugin v21.8 (Yoast SEO v22.0) - https:\/\/yoast.com\/wordpress\/plugins\/seo\/ -->\n<title>Ara\u00e7 Kiralama Malatya - Kiral\u0131k Araba - Havaliman\u0131 Rent A Car<\/title>\n<meta name=\"description\" content=\"Ara\u00e7 Kiralama Malatya Kentin lider firmas\u0131 Malatya Rent A Car. ile ula\u015f\u0131m sorununuzu ortadan kald\u0131r\u0131yoruz. G\u00fcvenin do\u011fru adresi.\" \/>\n<meta name=\"robots\" content=\"index, follow, max-snippet:-1, max-image-preview:large, max-video-preview:-1\" \/>\n<link rel=\"canonical\" href=\"https:\/\/www.malatyaoto.net\/arac-filomuz\/\" \/>\n<meta property=\"og:locale\" content=\"en_US\" \/>\n<meta property=\"og:type\" content=\"article\" \/>\n<meta property=\"og:title\" content=\"Ara\u00e7 Filomuz\" \/>\n<meta property=\"og:description\" content=\"Ara\u00e7 Kiralama Malatya Kentin lider firmas\u0131 Malatya Rent A Car. ile ula\u015f\u0131m sorununuzu ortadan kald\u0131r\u0131yoruz. G\u00fcvenin do\u011fru adresi.\" \/>\n<meta property=\"og:url\" content=\"https:\/\/www.malatyaoto.net\/arac-filomuz\/\" \/>\n<meta property=\"og:site_name\" content=\"Malatya Oto Kiralama - Havaliman\u0131 Ara\u00e7 Kiralama - Malatya Rent A CarMalatya Oto Kiralama\" \/>\n<meta property=\"article:publisher\" content=\"https:\/\/www.facebook.com\/ComeRent\/\" \/>\n<meta name=\"twitter:card\" content=\"summary_large_image\" \/>\n<script type=\"application\/ld+json\" class=\"yoast-schema-graph\">{\"@context\":\"https:\/\/schema.org\",\"@graph\":[{\"@type\":\"WebPage\",\"@id\":\"https:\/\/www.malatyaoto.net\/arac-filomuz\/\",\"url\":\"https:\/\/www.malatyaoto.net\/arac-filomuz\/\",\"name\":\"Ara\u00e7 Kiralama Malatya - Kiral\u0131k Araba - Havaliman\u0131 Rent A Car\",\"isPartOf\":{\"@id\":\"https:\/\/www.malatyaoto.net\/#website\"},\"datePublished\":\"2016-01-09T13:17:18+00:00\",\"dateModified\":\"2016-01-09T13:17:18+00:00\",\"description\":\"Ara\u00e7 Kiralama Malatya Kentin lider firmas\u0131 Malatya Rent A Car. ile ula\u015f\u0131m sorununuzu ortadan kald\u0131r\u0131yoruz. G\u00fcvenin do\u011fru adresi.\",\"breadcrumb\":{\"@id\":\"https:\/\/www.malatyaoto.net\/arac-filomuz\/#breadcrumb\"},\"inLanguage\":\"en-US\",\"potentialAction\":[{\"@type\":\"ReadAction\",\"target\":[\"https:\/\/www.malatyaoto.net\/arac-filomuz\/\"]}]},{\"@type\":\"BreadcrumbList\",\"@id\":\"https:\/\/www.malatyaoto.net\/arac-filomuz\/#breadcrumb\",\"itemListElement\":[{\"@type\":\"ListItem\",\"position\":1,\"name\":\"Home\",\"item\":\"https:\/\/www.malatyaoto.net\/\"},{\"@type\":\"ListItem\",\"position\":2,\"name\":\"Ara\u00e7 Filomuz\"}]},{\"@type\":\"WebSite\",\"@id\":\"https:\/\/www.malatyaoto.net\/#website\",\"url\":\"https:\/\/www.malatyaoto.net\/\",\"name\":\"Malatya Oto Kiralama -Malatya Havaliman\u0131 Ara\u00e7 Kiralama - Malatya Rent A Car\",\"description\":\"\",\"publisher\":{\"@id\":\"https:\/\/www.malatyaoto.net\/#organization\"},\"potentialAction\":[{\"@type\":\"SearchAction\",\"target\":{\"@type\":\"EntryPoint\",\"urlTemplate\":\"https:\/\/www.malatyaoto.net\/?s={search_term_string}\"},\"query-input\":\"required name=search_term_string\"}],\"inLanguage\":\"en-US\"},{\"@type\":\"Organization\",\"@id\":\"https:\/\/www.malatyaoto.net\/#organization\",\"name\":\"MOto\",\"url\":\"https:\/\/www.malatyaoto.net\/\",\"logo\":{\"@type\":\"ImageObject\",\"inLanguage\":\"en-US\",\"@id\":\"https:\/\/www.malatyaoto.net\/#\/schema\/logo\/image\/\",\"url\":\"https:\/\/www.malatyaoto.net\/wp-content\/uploads\/2020\/02\/Malatya-Oto-Kiralama-Logo-e1581945808130.png\",\"contentUrl\":\"https:\/\/www.malatyaoto.net\/wp-content\/uploads\/2020\/02\/Malatya-Oto-Kiralama-Logo-e1581945808130.png\",\"width\":75,\"height\":65,\"caption\":\"MOto\"},\"image\":{\"@id\":\"https:\/\/www.malatyaoto.net\/#\/schema\/logo\/image\/\"},\"sameAs\":[\"https:\/\/www.facebook.com\/ComeRent\/\"]}]}<\/script>\n<!-- \/ Yoast SEO Premium plugin. -->","yoast_head_json":{"title":"Ara\u00e7 Kiralama Malatya - Kiral\u0131k Araba - Havaliman\u0131 Rent A Car","description":"Ara\u00e7 Kiralama Malatya Kentin lider firmas\u0131 Malatya Rent A Car. ile ula\u015f\u0131m sorununuzu ortadan kald\u0131r\u0131yoruz. G\u00fcvenin do\u011fru adresi.","robots":{"index":"index","follow":"follow","max-snippet":"max-snippet:-1","max-image-preview":"max-image-preview:large","max-video-preview":"max-video-preview:-1"},"canonical":"https:\/\/www.malatyaoto.net\/arac-filomuz\/","og_locale":"en_US","og_type":"article","og_title":"Ara\u00e7 Filomuz","og_description":"Ara\u00e7 Kiralama Malatya Kentin lider firmas\u0131 Malatya Rent A Car. ile ula\u015f\u0131m sorununuzu ortadan kald\u0131r\u0131yoruz. G\u00fcvenin do\u011fru adresi.","og_url":"https:\/\/www.malatyaoto.net\/arac-filomuz\/","og_site_name":"Malatya Oto Kiralama - Havaliman\u0131 Ara\u00e7 Kiralama - Malatya Rent A CarMalatya Oto Kiralama","article_publisher":"https:\/\/www.facebook.com\/ComeRent\/","twitter_card":"summary_large_image","schema":{"@context":"https:\/\/schema.org","@graph":[{"@type":"WebPage","@id":"https:\/\/www.malatyaoto.net\/arac-filomuz\/","url":"https:\/\/www.malatyaoto.net\/arac-filomuz\/","name":"Ara\u00e7 Kiralama Malatya - Kiral\u0131k Araba - Havaliman\u0131 Rent A Car","isPartOf":{"@id":"https:\/\/www.malatyaoto.net\/#website"},"datePublished":"2016-01-09T13:17:18+00:00","dateModified":"2016-01-09T13:17:18+00:00","description":"Ara\u00e7 Kiralama Malatya Kentin lider firmas\u0131 Malatya Rent A Car. ile ula\u015f\u0131m sorununuzu ortadan kald\u0131r\u0131yoruz. G\u00fcvenin do\u011fru adresi.","breadcrumb":{"@id":"https:\/\/www.malatyaoto.net\/arac-filomuz\/#breadcrumb"},"inLanguage":"en-US","potentialAction":[{"@type":"ReadAction","target":["https:\/\/www.malatyaoto.net\/arac-filomuz\/"]}]},{"@type":"BreadcrumbList","@id":"https:\/\/www.malatyaoto.net\/arac-filomuz\/#breadcrumb","itemListElement":[{"@type":"ListItem","position":1,"name":"Home","item":"https:\/\/www.malatyaoto.net\/"},{"@type":"ListItem","position":2,"name":"Ara\u00e7 Filomuz"}]},{"@type":"WebSite","@id":"https:\/\/www.malatyaoto.net\/#website","url":"https:\/\/www.malatyaoto.net\/","name":"Malatya Oto Kiralama -Malatya Havaliman\u0131 Ara\u00e7 Kiralama - Malatya Rent A Car","description":"","publisher":{"@id":"https:\/\/www.malatyaoto.net\/#organization"},"potentialAction":[{"@type":"SearchAction","target":{"@type":"EntryPoint","urlTemplate":"https:\/\/www.malatyaoto.net\/?s={search_term_string}"},"query-input":"required name=search_term_string"}],"inLanguage":"en-US"},{"@type":"Organization","@id":"https:\/\/www.malatyaoto.net\/#organization","name":"MOto","url":"https:\/\/www.malatyaoto.net\/","logo":{"@type":"ImageObject","inLanguage":"en-US","@id":"https:\/\/www.malatyaoto.net\/#\/schema\/logo\/image\/","url":"https:\/\/www.malatyaoto.net\/wp-content\/uploads\/2020\/02\/Malatya-Oto-Kiralama-Logo-e1581945808130.png","contentUrl":"https:\/\/www.malatyaoto.net\/wp-content\/uploads\/2020\/02\/Malatya-Oto-Kiralama-Logo-e1581945808130.png","width":75,"height":65,"caption":"MOto"},"image":{"@id":"https:\/\/www.malatyaoto.net\/#\/schema\/logo\/image\/"},"sameAs":["https:\/\/www.facebook.com\/ComeRent\/"]}]}},"_links":{"self":[{"href":"https:\/\/www.malatyaoto.net\/en\/wp-json\/wp\/v2\/pages\/201"}],"collection":[{"href":"https:\/\/www.malatyaoto.net\/en\/wp-json\/wp\/v2\/pages"}],"about":[{"href":"https:\/\/www.malatyaoto.net\/en\/wp-json\/wp\/v2\/types\/page"}],"author":[{"embeddable":true,"href":"https:\/\/www.malatyaoto.net\/en\/wp-json\/wp\/v2\/users\/1"}],"replies":[{"embeddable":true,"href":"https:\/\/www.malatyaoto.net\/en\/wp-json\/wp\/v2\/comments?post=201"}],"version-history":[{"count":0,"href":"https:\/\/www.malatyaoto.net\/en\/wp-json\/wp\/v2\/pages\/201\/revisions"}],"wp:attachment":[{"href":"https:\/\/www.malatyaoto.net\/en\/wp-json\/wp\/v2\/media?parent=201"}],"curies":[{"name":"wp","href":"https:\/\/api.w.org\/{rel}","templated":true}]}}