{"id":280,"date":"2016-01-24T21:28:24","date_gmt":"2016-01-24T19:28:24","guid":{"rendered":"http:\/\/localhost:8888\/rentacar-v2\/?page_id=280"},"modified":"2019-07-27T18:34:30","modified_gmt":"2019-07-27T15:34:30","slug":"sikca-sorulan-sorular","status":"publish","type":"page","link":"https:\/\/www.malatyaoto.net\/en\/sikca-sorulan-sorular\/","title":{"rendered":"S\u0131k\u00e7a Sorulan Sorular"},"content":{"rendered":"<div class=\"wpb-content-wrapper\"><p>[vc_row][vc_column][vc_tta_accordion active_section=&#8221;1&#8243;][vc_tta_section title=&#8221;Ara\u00e7larda Sigorta ve Kasko Var m\u0131 ?&#8221; tab_id=&#8221;1453663701434-716afd98-a683&#8243;][vc_column_text]Ara\u00e7lar full kaskolu olup, kaskodan yararlanabilmek i\u00e7in, herhangi hasar yada kaza durumlar\u0131nda arac\u0131 kesinlikle hareket ettirmeden polise ba\u015fvurarak kaza ve alkol raporu al\u0131nmal\u0131d\u0131r. Bu gibi acil durumlarda 24 saat a\u00e7\u0131k acil numaralar\u0131m\u0131z\u0131 arayabilirsiniz(+905321231212\u00a0yada +905321231111).[\/vc_column_text][\/vc_tta_section][vc_tta_section title=&#8221;Kasko D\u0131\u015f\u0131nda Kalan Haller Nelerdir ?&#8221; tab_id=&#8221;1453663701597-464d656d-762d&#8221;][vc_column_text]<\/p>\n<ul>\n<li>Raporsuz hasarlarda,<\/li>\n<li>Alkoll\u00fc ara\u00e7 kullanma sonucu olu\u015fan hasarlarda,<\/li>\n<li>Arac\u0131 s\u00f6zle\u015fmede ismi olmayan yetkisiz ki\u015fileri kulland\u0131rmak<\/li>\n<\/ul>\n<p>[\/vc_column_text][\/vc_tta_section][vc_tta_section title=&#8221;Ehliyet ve Ya\u015f S\u0131n\u0131r\u0131 Nedir ?&#8221; tab_id=&#8221;1453663886348-1b0be548-3c60&#8243;][vc_column_text]Kiralayan 20 ya\u015f\u0131n\u0131 doldurmu\u015f ve en az iki senelik ehliyetinin olmas\u0131.[\/vc_column_text][\/vc_tta_section][vc_tta_section title=&#8221;\u00d6demeyi Hemen Yapmak Zorunda m\u0131y\u0131m ?&#8221; tab_id=&#8221;1453664035389-e1bafebe-a7bd&#8221;][vc_column_text]Hay\u0131r, \u00f6deme ara\u00e7 tesliminde yap\u0131lmaktad\u0131r[\/vc_column_text][\/vc_tta_section][vc_tta_section title=&#8221;Trafik Cezalar\u0131, Otoban ve K\u00f6pr\u00fc Ka\u00e7ak Ge\u00e7i\u015fleri Kime Ait ?&#8221; tab_id=&#8221;1453664144803-26aa5b6b-949d&#8221;][vc_column_text]Trafik cezalar\u0131, otoban ve k\u00f6pr\u00fc ka\u00e7ak ge\u00e7i\u015fleri kiralayana aittir. Trafik cezalar\u0131 sonradan gelse bile kiralayan \u00f6demekle y\u00fck\u00fcml\u00fcd\u00fcr.[\/vc_column_text][\/vc_tta_section][vc_tta_section title=&#8221;Ara\u00e7larda OGS &#8211; HGS Mevcut mu ?&#8221; tab_id=&#8221;1453664780278-f59c3786-c326&#8243;][vc_column_text]\u00c7o\u011funlukla ara\u00e7lar\u0131m\u0131zda HGS\u00a0cihazlar\u0131 bulunmakta(otoban k\u00f6pr\u00fcler i\u00e7in otomatik ge\u00e7i\u015fler i\u00e7in) olup, kiralayan talep ve ihtiyac\u0131na g\u00f6re fiyatland\u0131r\u0131lmaktad\u0131r.[\/vc_column_text][\/vc_tta_section][vc_tta_section title=&#8221;Fiyata Dahil Hizmetleriniz Nelerdir ?&#8221; tab_id=&#8221;1453664824010-ff2cad07-8935&#8243;][vc_column_text]Fiyatlara ara\u00e7lar\u0131n <strong>s\u0131n\u0131rs\u0131z kilometre kullan\u0131m hakk\u0131<\/strong>, <strong>ara\u00e7 bak\u0131m giderleri<\/strong> ve <strong>kasko<\/strong> dahildir.[\/vc_column_text][\/vc_tta_section][vc_tta_section title=&#8221;Fiyata Dahil Olmayan Hizmetleriniz Nelerdir ?&#8221; tab_id=&#8221;1453664870393-58e35286-3208&#8243;][vc_column_text]<strong>Yak\u0131t<\/strong>, <strong>k\u00f6pr\u00fc<\/strong>,<strong>otoyol \u00fccretleri<\/strong>, <strong>trafik cezalar\u0131 ile sigortalar<\/strong> , <strong>tek y\u00f6n \u00fccreti<\/strong>, <strong>bebek koltu\u011fu<\/strong>,<strong>navigasyon cihaz\u0131<\/strong> gibi ekstra talepler ve <strong>Katma De\u011fer Vergisi (KDV)<\/strong> fiyatlara dahil de\u011fildir.[\/vc_column_text][\/vc_tta_section][\/vc_tta_accordion][\/vc_column][\/vc_row]<\/p>\n<\/div>","protected":false},"excerpt":{"rendered":"<p>[vc_row][vc_column][vc_tta_accordion active_section=&#8221;1&#8243;][vc_tta_section title=&#8221;Ara\u00e7larda Sigorta ve Kasko Var m\u0131 ?&#8221; tab_id=&#8221;1453663701434-716afd98-a683&#8243;][vc_column_text]Ara\u00e7lar full kaskolu olup, kaskodan yararlanabilmek i\u00e7in, herhangi hasar yada kaza durumlar\u0131nda arac\u0131 kesinlikle hareket ettirmeden polise ba\u015fvurarak kaza ve alkol raporu al\u0131nmal\u0131d\u0131r. Bu gibi acil durumlarda 24 saat a\u00e7\u0131k acil numaralar\u0131m\u0131z\u0131 arayabilirsiniz(+905321231212\u00a0yada +905321231111).[\/vc_column_text][\/vc_tta_section][vc_tta_section title=&#8221;Kasko D\u0131\u015f\u0131nda Kalan Haller Nelerdir ?&#8221; tab_id=&#8221;1453663701597-464d656d-762d&#8221;][vc_column_text] Raporsuz hasarlarda, Alkoll\u00fc ara\u00e7 kullanma [&hellip;]<\/p>\n","protected":false},"author":1,"featured_media":0,"parent":0,"menu_order":0,"comment_status":"closed","ping_status":"closed","template":"","meta":{"footnotes":""},"yoast_head":"<!-- This site is optimized with the Yoast SEO Premium plugin v21.8 (Yoast SEO v22.0) - https:\/\/yoast.com\/wordpress\/plugins\/seo\/ -->\n<title>Malatya Rent E Car - Rent A Car Kaskosu Malatya - Kurumsal Kiralama<\/title>\n<meta name=\"description\" content=\"Malatya Rent E Car \u2713 Malatya oto kiralama \u2713 Malatyada Ara\u00e7 Kiralama firmas\u0131 \u2713 Ekonomik Fiyatlara ucuz ara\u00e7 kiralama noktan\u0131z \u2713 Vikiliks.org \u00dcyesidir.\" \/>\n<meta name=\"robots\" content=\"index, follow, max-snippet:-1, max-image-preview:large, max-video-preview:-1\" \/>\n<link rel=\"canonical\" href=\"https:\/\/www.malatyaoto.net\/sikca-sorulan-sorular\/\" \/>\n<meta property=\"og:locale\" content=\"en_US\" \/>\n<meta property=\"og:type\" content=\"article\" \/>\n<meta property=\"og:title\" content=\"S\u0131k\u00e7a Sorulan Sorular\" \/>\n<meta property=\"og:description\" content=\"Malatya Rent E Car \u2713 Malatya oto kiralama \u2713 Malatyada Ara\u00e7 Kiralama firmas\u0131 \u2713 Ekonomik Fiyatlara ucuz ara\u00e7 kiralama noktan\u0131z \u2713 Vikiliks.org \u00dcyesidir.\" \/>\n<meta property=\"og:url\" content=\"https:\/\/www.malatyaoto.net\/sikca-sorulan-sorular\/\" \/>\n<meta property=\"og:site_name\" content=\"Malatya Oto Kiralama - Havaliman\u0131 Ara\u00e7 Kiralama - Malatya Rent A CarMalatya Oto Kiralama\" \/>\n<meta property=\"article:publisher\" content=\"https:\/\/www.facebook.com\/ComeRent\/\" \/>\n<meta property=\"article:modified_time\" content=\"2019-07-27T15:34:30+00:00\" \/>\n<meta name=\"twitter:card\" content=\"summary_large_image\" \/>\n<meta name=\"twitter:label1\" content=\"Est. reading time\" \/>\n\t<meta name=\"twitter:data1\" content=\"5 minutes\" \/>\n<script type=\"application\/ld+json\" class=\"yoast-schema-graph\">{\"@context\":\"https:\/\/schema.org\",\"@graph\":[{\"@type\":\"WebPage\",\"@id\":\"https:\/\/www.malatyaoto.net\/sikca-sorulan-sorular\/\",\"url\":\"https:\/\/www.malatyaoto.net\/sikca-sorulan-sorular\/\",\"name\":\"Malatya Rent E Car - Rent A Car Kaskosu Malatya - Kurumsal Kiralama\",\"isPartOf\":{\"@id\":\"https:\/\/www.malatyaoto.net\/#website\"},\"datePublished\":\"2016-01-24T19:28:24+00:00\",\"dateModified\":\"2019-07-27T15:34:30+00:00\",\"description\":\"Malatya Rent E Car \u2713 Malatya oto kiralama \u2713 Malatyada Ara\u00e7 Kiralama firmas\u0131 \u2713 Ekonomik Fiyatlara ucuz ara\u00e7 kiralama noktan\u0131z \u2713 Vikiliks.org \u00dcyesidir.\",\"breadcrumb\":{\"@id\":\"https:\/\/www.malatyaoto.net\/sikca-sorulan-sorular\/#breadcrumb\"},\"inLanguage\":\"en-US\",\"potentialAction\":[{\"@type\":\"ReadAction\",\"target\":[\"https:\/\/www.malatyaoto.net\/sikca-sorulan-sorular\/\"]}]},{\"@type\":\"BreadcrumbList\",\"@id\":\"https:\/\/www.malatyaoto.net\/sikca-sorulan-sorular\/#breadcrumb\",\"itemListElement\":[{\"@type\":\"ListItem\",\"position\":1,\"name\":\"Home\",\"item\":\"https:\/\/www.malatyaoto.net\/\"},{\"@type\":\"ListItem\",\"position\":2,\"name\":\"S\u0131k\u00e7a Sorulan Sorular\"}]},{\"@type\":\"WebSite\",\"@id\":\"https:\/\/www.malatyaoto.net\/#website\",\"url\":\"https:\/\/www.malatyaoto.net\/\",\"name\":\"Malatya Oto Kiralama -Malatya Havaliman\u0131 Ara\u00e7 Kiralama - Malatya Rent A Car\",\"description\":\"\",\"publisher\":{\"@id\":\"https:\/\/www.malatyaoto.net\/#organization\"},\"potentialAction\":[{\"@type\":\"SearchAction\",\"target\":{\"@type\":\"EntryPoint\",\"urlTemplate\":\"https:\/\/www.malatyaoto.net\/?s={search_term_string}\"},\"query-input\":\"required name=search_term_string\"}],\"inLanguage\":\"en-US\"},{\"@type\":\"Organization\",\"@id\":\"https:\/\/www.malatyaoto.net\/#organization\",\"name\":\"MOto\",\"url\":\"https:\/\/www.malatyaoto.net\/\",\"logo\":{\"@type\":\"ImageObject\",\"inLanguage\":\"en-US\",\"@id\":\"https:\/\/www.malatyaoto.net\/#\/schema\/logo\/image\/\",\"url\":\"https:\/\/www.malatyaoto.net\/wp-content\/uploads\/2020\/02\/Malatya-Oto-Kiralama-Logo-e1581945808130.png\",\"contentUrl\":\"https:\/\/www.malatyaoto.net\/wp-content\/uploads\/2020\/02\/Malatya-Oto-Kiralama-Logo-e1581945808130.png\",\"width\":75,\"height\":65,\"caption\":\"MOto\"},\"image\":{\"@id\":\"https:\/\/www.malatyaoto.net\/#\/schema\/logo\/image\/\"},\"sameAs\":[\"https:\/\/www.facebook.com\/ComeRent\/\"]}]}<\/script>\n<!-- \/ Yoast SEO Premium plugin. -->","yoast_head_json":{"title":"Malatya Rent E Car - Rent A Car Kaskosu Malatya - Kurumsal Kiralama","description":"Malatya Rent E Car \u2713 Malatya oto kiralama \u2713 Malatyada Ara\u00e7 Kiralama firmas\u0131 \u2713 Ekonomik Fiyatlara ucuz ara\u00e7 kiralama noktan\u0131z \u2713 Vikiliks.org \u00dcyesidir.","robots":{"index":"index","follow":"follow","max-snippet":"max-snippet:-1","max-image-preview":"max-image-preview:large","max-video-preview":"max-video-preview:-1"},"canonical":"https:\/\/www.malatyaoto.net\/sikca-sorulan-sorular\/","og_locale":"en_US","og_type":"article","og_title":"S\u0131k\u00e7a Sorulan Sorular","og_description":"Malatya Rent E Car \u2713 Malatya oto kiralama \u2713 Malatyada Ara\u00e7 Kiralama firmas\u0131 \u2713 Ekonomik Fiyatlara ucuz ara\u00e7 kiralama noktan\u0131z \u2713 Vikiliks.org \u00dcyesidir.","og_url":"https:\/\/www.malatyaoto.net\/sikca-sorulan-sorular\/","og_site_name":"Malatya Oto Kiralama - Havaliman\u0131 Ara\u00e7 Kiralama - Malatya Rent A CarMalatya Oto Kiralama","article_publisher":"https:\/\/www.facebook.com\/ComeRent\/","article_modified_time":"2019-07-27T15:34:30+00:00","twitter_card":"summary_large_image","twitter_misc":{"Est. reading time":"5 minutes"},"schema":{"@context":"https:\/\/schema.org","@graph":[{"@type":"WebPage","@id":"https:\/\/www.malatyaoto.net\/sikca-sorulan-sorular\/","url":"https:\/\/www.malatyaoto.net\/sikca-sorulan-sorular\/","name":"Malatya Rent E Car - Rent A Car Kaskosu Malatya - Kurumsal Kiralama","isPartOf":{"@id":"https:\/\/www.malatyaoto.net\/#website"},"datePublished":"2016-01-24T19:28:24+00:00","dateModified":"2019-07-27T15:34:30+00:00","description":"Malatya Rent E Car \u2713 Malatya oto kiralama \u2713 Malatyada Ara\u00e7 Kiralama firmas\u0131 \u2713 Ekonomik Fiyatlara ucuz ara\u00e7 kiralama noktan\u0131z \u2713 Vikiliks.org \u00dcyesidir.","breadcrumb":{"@id":"https:\/\/www.malatyaoto.net\/sikca-sorulan-sorular\/#breadcrumb"},"inLanguage":"en-US","potentialAction":[{"@type":"ReadAction","target":["https:\/\/www.malatyaoto.net\/sikca-sorulan-sorular\/"]}]},{"@type":"BreadcrumbList","@id":"https:\/\/www.malatyaoto.net\/sikca-sorulan-sorular\/#breadcrumb","itemListElement":[{"@type":"ListItem","position":1,"name":"Home","item":"https:\/\/www.malatyaoto.net\/"},{"@type":"ListItem","position":2,"name":"S\u0131k\u00e7a Sorulan Sorular"}]},{"@type":"WebSite","@id":"https:\/\/www.malatyaoto.net\/#website","url":"https:\/\/www.malatyaoto.net\/","name":"Malatya Oto Kiralama -Malatya Havaliman\u0131 Ara\u00e7 Kiralama - Malatya Rent A Car","description":"","publisher":{"@id":"https:\/\/www.malatyaoto.net\/#organization"},"potentialAction":[{"@type":"SearchAction","target":{"@type":"EntryPoint","urlTemplate":"https:\/\/www.malatyaoto.net\/?s={search_term_string}"},"query-input":"required name=search_term_string"}],"inLanguage":"en-US"},{"@type":"Organization","@id":"https:\/\/www.malatyaoto.net\/#organization","name":"MOto","url":"https:\/\/www.malatyaoto.net\/","logo":{"@type":"ImageObject","inLanguage":"en-US","@id":"https:\/\/www.malatyaoto.net\/#\/schema\/logo\/image\/","url":"https:\/\/www.malatyaoto.net\/wp-content\/uploads\/2020\/02\/Malatya-Oto-Kiralama-Logo-e1581945808130.png","contentUrl":"https:\/\/www.malatyaoto.net\/wp-content\/uploads\/2020\/02\/Malatya-Oto-Kiralama-Logo-e1581945808130.png","width":75,"height":65,"caption":"MOto"},"image":{"@id":"https:\/\/www.malatyaoto.net\/#\/schema\/logo\/image\/"},"sameAs":["https:\/\/www.facebook.com\/ComeRent\/"]}]}},"_links":{"self":[{"href":"https:\/\/www.malatyaoto.net\/en\/wp-json\/wp\/v2\/pages\/280"}],"collection":[{"href":"https:\/\/www.malatyaoto.net\/en\/wp-json\/wp\/v2\/pages"}],"about":[{"href":"https:\/\/www.malatyaoto.net\/en\/wp-json\/wp\/v2\/types\/page"}],"author":[{"embeddable":true,"href":"https:\/\/www.malatyaoto.net\/en\/wp-json\/wp\/v2\/users\/1"}],"replies":[{"embeddable":true,"href":"https:\/\/www.malatyaoto.net\/en\/wp-json\/wp\/v2\/comments?post=280"}],"version-history":[{"count":0,"href":"https:\/\/www.malatyaoto.net\/en\/wp-json\/wp\/v2\/pages\/280\/revisions"}],"wp:attachment":[{"href":"https:\/\/www.malatyaoto.net\/en\/wp-json\/wp\/v2\/media?parent=280"}],"curies":[{"name":"wp","href":"https:\/\/api.w.org\/{rel}","templated":true}]}}