{"id":450,"date":"2016-03-18T20:12:41","date_gmt":"2016-03-18T18:12:41","guid":{"rendered":"http:\/\/wordpress-rent-a-car-temasi.dijilab.com\/yaren\/?page_id=450"},"modified":"2023-11-15T00:17:29","modified_gmt":"2023-11-14T21:17:29","slug":"transfer","status":"publish","type":"page","link":"https:\/\/www.malatyaoto.net\/en\/transfer\/","title":{"rendered":"Transfer"},"content":{"rendered":"<div class=\"wpb-content-wrapper\"><p>[vc_row][vc_column]\t<table id=\"table-transfer\" class=\"table table-condensed table-transfer\">\n\t\t<thead>\n\t\t\t<tr>\n\t\t\t\t<th class=\"text-center\">Rent Starting<\/th>\n\t\t\t\t<th class=\"text-center\">Arrival<\/th>\n\t\t\t\t<th class=\"text-center\">1-4 Person Fee<\/th><th class=\"text-center\">5-9 Person Fee<\/th><th class=\"text-center\">10-14 Person Fee<\/th>\t\t\t\t<th class=\"text-center\">Distance<\/th>\n\t\t\t\t<th class=\"text-center\">Process<\/th>\n\t\t\t<\/tr>\n\t\t<\/thead>\n\t\t<tbody>\n\t\t\t\t\t\t<tr>\n\t\t\t\t<td id=\"pickup-544\" class=\"text-center\">Elaz\u0131\u011f Havaliman\u0131<\/td>\n\t\t\t\t<td id=\"dropoff-544\" class=\"text-center\">Malatya<\/td>\n\t\t\t\t<td class=\"text-center\"><i class=\"fa fa-try\"><\/i> INF<\/td><td class=\"text-center\"><i class=\"fa fa-try\"><\/i> INF<\/td><td class=\"text-center\"><i class=\"fa fa-try\"><\/i> INF<\/td>\t\t\t\t<td id=\"distance-544\" class=\"text-center\">35 KM<\/td>\n\t\t\t\t<td class=\"text-center\"><a href=\"#\" class=\"btn btn-xs btn-primary\" data-transfer=\"Elaz\u0131\u011f Havaliman\u0131 - Malatya\">Reservation<\/a><\/td>\n\t\t\t<\/tr>\n\t\t\t\t\t\t<tr>\n\t\t\t\t<td id=\"pickup-542\" class=\"text-center\">Elbistan<\/td>\n\t\t\t\t<td id=\"dropoff-542\" class=\"text-center\">Malatya Havaliman\u0131<\/td>\n\t\t\t\t<td class=\"text-center\"><i class=\"fa fa-try\"><\/i> INF<\/td><td class=\"text-center\"><i class=\"fa fa-try\"><\/i> INF<\/td><td class=\"text-center\"><i class=\"fa fa-try\"><\/i> INF<\/td>\t\t\t\t<td id=\"distance-542\" class=\"text-center\">125 KM<\/td>\n\t\t\t\t<td class=\"text-center\"><a href=\"#\" class=\"btn btn-xs btn-primary\" data-transfer=\"Elbistan - Malatya Havaliman\u0131\">Reservation<\/a><\/td>\n\t\t\t<\/tr>\n\t\t\t\t\t\t<tr>\n\t\t\t\t<td id=\"pickup-539\" class=\"text-center\">Malatya<\/td>\n\t\t\t\t<td id=\"dropoff-539\" class=\"text-center\">Malatya Havaliman\u0131<\/td>\n\t\t\t\t<td class=\"text-center\"><i class=\"fa fa-try\"><\/i> INF<\/td><td class=\"text-center\"><i class=\"fa fa-try\"><\/i> INF<\/td><td class=\"text-center\"><i class=\"fa fa-try\"><\/i> INF<\/td>\t\t\t\t<td id=\"distance-539\" class=\"text-center\">45 KM<\/td>\n\t\t\t\t<td class=\"text-center\"><a href=\"#\" class=\"btn btn-xs btn-primary\" data-transfer=\"Malatya - Malatya Havaliman\u0131\">Reservation<\/a><\/td>\n\t\t\t<\/tr>\n\t\t\t\t\t\t<tr>\n\t\t\t\t<td id=\"pickup-540\" class=\"text-center\">Malatya Havaliman\u0131 <\/td>\n\t\t\t\t<td id=\"dropoff-540\" class=\"text-center\">Malatya<\/td>\n\t\t\t\t<td class=\"text-center\"><i class=\"fa fa-try\"><\/i> INF<\/td><td class=\"text-center\"><i class=\"fa fa-try\"><\/i> INF<\/td><td class=\"text-center\"><i class=\"fa fa-try\"><\/i> INF<\/td>\t\t\t\t<td id=\"distance-540\" class=\"text-center\">45 KM<\/td>\n\t\t\t\t<td class=\"text-center\"><a href=\"#\" class=\"btn btn-xs btn-primary\" data-transfer=\"Malatya Havaliman\u0131  - Malatya\">Reservation<\/a><\/td>\n\t\t\t<\/tr>\n\t\t\t\t\t\t<tr>\n\t\t\t\t<td id=\"pickup-541\" class=\"text-center\">Malatya Havaliman\u0131 <\/td>\n\t\t\t\t<td id=\"dropoff-541\" class=\"text-center\">Elbistan<\/td>\n\t\t\t\t<td class=\"text-center\"><i class=\"fa fa-try\"><\/i> INF<\/td><td class=\"text-center\"><i class=\"fa fa-try\"><\/i> INF<\/td><td class=\"text-center\"><i class=\"fa fa-try\"><\/i> INF<\/td>\t\t\t\t<td id=\"distance-541\" class=\"text-center\">125 KM<\/td>\n\t\t\t\t<td class=\"text-center\"><a href=\"#\" class=\"btn btn-xs btn-primary\" data-transfer=\"Malatya Havaliman\u0131  - Elbistan\">Reservation<\/a><\/td>\n\t\t\t<\/tr>\n\t\t\t\t\t\t<tr>\n\t\t\t\t<td id=\"pickup-543\" class=\"text-center\">Malatya Havaliman\u0131 <\/td>\n\t\t\t\t<td id=\"dropoff-543\" class=\"text-center\">Elaz\u0131\u011f<\/td>\n\t\t\t\t<td class=\"text-center\"><i class=\"fa fa-try\"><\/i> INF<\/td><td class=\"text-center\"><i class=\"fa fa-try\"><\/i> INF<\/td><td class=\"text-center\"><i class=\"fa fa-try\"><\/i> INF<\/td>\t\t\t\t<td id=\"distance-543\" class=\"text-center\">35 KM<\/td>\n\t\t\t\t<td class=\"text-center\"><a href=\"#\" class=\"btn btn-xs btn-primary\" data-transfer=\"Malatya Havaliman\u0131  - Elaz\u0131\u011f\">Reservation<\/a><\/td>\n\t\t\t<\/tr>\n\t\t\t\t\t<\/tbody>\n\t<\/table>\n\n\t<div id=\"transfer-form\" class=\"transfer-form\" style=\"display:none\">\n\t\t<a href=\"#\" class=\"close-button pull-right\" title=\"Close\"><i class=\"fa fa-times\"><\/i> Close<\/a>\n\t\t<div class=\"clearfix\"><\/div>\n\t\t<div class=\"alert\" style=\"display:none\"><\/div>\n\n\t\t<div class=\"row\">\n\t\t\t<div class=\"form-group col-md-4\">\n\t\t\t\t<label for=\"full-name\">Full Name <span class=\"required\">*<\/span><\/label>\n\t\t\t\t<input type=\"text\" class=\"form-control\" id=\"full-name\" name=\"full-name\" required=\"required\" \/>\n\t\t\t<\/div>\n\t\t\t<div class=\"form-group col-md-4\">\n\t\t\t\t<label for=\"country\">Country <span class=\"required\">*<\/span><\/label>\n\t\t\t\t<input type=\"text\" class=\"form-control\" id=\"country\" name=\"country\" required=\"required\" \/>\n\t\t\t<\/div>\n\t\t\t<div class=\"form-group col-md-4\">\n\t\t\t\t<label for=\"city\">City <span class=\"required\">*<\/span><\/label>\n\t\t\t\t<input type=\"text\" class=\"form-control\" id=\"city\" name=\"city\" required=\"required\" \/>\n\t\t\t<\/div>\n\t\t\t<div class=\"form-group col-md-4\">\n\t\t\t\t<label for=\"phone\">Phone <span class=\"required\">*<\/span><\/label>\n\t\t\t\t<input type=\"text\" class=\"form-control\" id=\"phone\" name=\"phone\" required=\"required\" \/>\n\t\t\t<\/div>\n\t\t\t<div class=\"form-group col-md-4\">\n\t\t\t\t<label for=\"email\">E-Mail <span class=\"required\">*<\/span><\/label>\n\t\t\t\t<input type=\"email\" class=\"form-control\" id=\"email\" name=\"email\" required=\"required\" \/>\n\t\t\t<\/div>\n\t\t\t<div class=\"form-group col-md-4\">\n\t\t\t\t<label for=\"transfer\">Transfer <span class=\"required\">*<\/span><\/label>\n\t\t\t\t<input type=\"text\" class=\"form-control\" id=\"transfer\" name=\"transfer\" required=\"required\" \/>\n\t\t\t<\/div>\n\t\t\t<div class=\"form-group col-md-4\">\n\t\t\t\t<label for=\"date\">Date <span class=\"required\">*<\/span><\/label>\n\t\t\t\t<input type=\"text\" class=\"form-control dep-date\" id=\"date\" name=\"date\" required=\"required\" \/>\n\t\t\t<\/div>\n\t\t\t<div class=\"form-group col-md-4\">\n\t\t\t\t<label for=\"flight_no\">Flight Number <span class=\"required\">*<\/span><\/label>\n\t\t\t\t<input type=\"text\" class=\"form-control\" id=\"flight_no\" name=\"flight_no\" required=\"required\" \/>\n\t\t\t<\/div>\n\t\t\t<div class=\"form-group col-md-4\">\n\t\t\t\t<label for=\"passenger\">Passenger(s) <span class=\"required\">*<\/span><\/label>\n\t\t\t\t<input type=\"number\" class=\"form-control\" id=\"passenger\" name=\"passenger\" required=\"required\" \/>\n\t\t\t<\/div>\n\t\t\t<div class=\"form-group col-md-12\">\n\t\t\t\t<label for=\"msg\">Special Request <span class=\"required\">*<\/span><\/label>\n\t\t\t\t<textarea name=\"msg\" id=\"msg\" class=\"form-control\" required=\"required\"><\/textarea>\n\t\t\t<\/div>\n\t\t\t<input type=\"hidden\" name=\"security-control-fa3k3\" value=\"10ee9\" \/>\n\t\t\t<div class=\"form-group col-md-4\">\n\t\t\t\t<div class=\"media\">\n\t\t\t\t\t<div class=\"media-left\"><img decoding=\"async\" src=\"https:\/\/www.malatyaoto.net\/wp-content\/themes\/Malatya-RentACar-V2\/security.php?rand=10ee9\" alt=\"\" id=\"img-security\" \/><\/div>\n\t\t\t\t\t<div class=\"media-body\"><input type=\"text\" class=\"form-control\" id=\"security\" name=\"security\" placeholder=\"Security\" required=\"required\" \/><\/div>\n\t\t\t\t<\/div>\n\t\t\t<\/div>\n\t\t\t<div class=\"col-md-8\"><button type=\"button\" class=\"submit transfer-button btn btn-default pull-right col-sm-6 col-xs-12\">Send<\/button><\/div>\n\t\t<\/div>\n\t\t<div class=\"visible-sm visible-xs\"><hr><\/div>\n\t<\/div>\n\n<style>\n\n\t\/*\n\tMax width before this PARTICULAR table gets nasty\n\tThis query will take effect for any screen smaller than 760px\n\tand also iPads specifically.\n\t*\/\n\t@media only screen and (max-width: 760px), (min-device-width: 768px) and (max-device-width: 1024px)  {\n\n\t\t\/* Force table to not be like tables anymore *\/\n\t\t#table-transfer table,#table-transfer thead,#table-transfer tbody,#table-transfer th,#table-transfer td,#table-transfer tr {\n\t\t\tdisplay: block;\n\t\t}\n\n\t\t\/* Hide table headers (but not display: none;, for accessibility) *\/\n\t\t#table-transfer thead tr {\n\t\t\tposition: absolute;\n\t\t\ttop: -9999px;\n\t\t\tleft: -9999px;\n\t\t}\n\n\t\t#table-transfer tr { border: 1px solid #ccc; }\n\t\t#table-transfer tr:nth-child(even) {background: #efefef}\n\n\t\t#table-transfer tr td {\n\t\t\t\/* Behave  like a \"row\" *\/\n\t\t\tborder: none;\n\t\t\t\/*border-bottom: 1px solid #eee;*\/\n\t\t\tposition: relative;\n\t\t\tpadding-left: 50%!important;\n\t\t}\n\n\t\t#table-transfer td:before {\n\t\t\t\/* Now like a table header *\/\n\t\t\tposition: absolute;\n\t\t\t\/* Top\/left values mimic padding *\/\n\t\t\ttop: 6px;\n\t\t\tleft: 6px;\n\t\t\twidth: 45%;\n\t\t\tpadding-right: 10px;\n\t\t\twhite-space: nowrap;\n\t\t}\n\n\t\t\/*\n\t\tLabel the data\n\t\t*\/\n\t\t#table-transfer td:before { font-weight: bold; }\n\t\t#table-transfer td:nth-of-type(1):before { content: \"Rent Starting\"; }\n\t\t#table-transfer td:nth-of-type(2):before { content: \"Arrival\"; }\n\t\t#table-transfer td:nth-of-type(3):before { content: \"1-4 Person Fee\"; }#table-transfer td:nth-of-type(4):before { content: \"5-9 Person Fee\"; }#table-transfer td:nth-of-type(5):before { content: \"10-14 Person Fee\"; }\t\t#table-transfer td:nth-of-type(6):before { content: \"Distance\"; }\n\t\t#table-transfer td:nth-of-type(7):before { content: \"Process\"; }\n\t}\n\n\t<\/style>\n\t[vc_column_text]Come to our Malatya Airport Transfer Company and enjoy our hospitality and warm attention while your transactions are being made.<\/p>\n<p>Malatya Airport Transfer We will take you to your plane and we will pick you up from the airport again.Malatya Rent a car is the leading company of the sector, which makes Malatya Airport (Airport transfer) 24\/7, around Malatya, Elbistan, and Elazig at any time of the day.<\/p>\n<p><img loading=\"lazy\" decoding=\"async\" class=\"alignnone size-full wp-image-549\" src=\"https:\/\/www.malatyaoto.net\/wp-content\/uploads\/2019\/07\/Transfer.jpg\" alt=\"\" width=\"275\" height=\"183\" \/><\/p>\n<p>Experience the pleasure of renting a car with us.<\/p>\n<p>Malatya, Elaz\u0131\u011f, Anemon Hotel Malatya, DoubleTree By Hilton Malatya, Elbistan, Elaz\u0131\u011f Ramada Hotel and Professional Private and Vip Transfer Services to your desired address in Malatya Rent A Car!<\/p>\n<p>Our Malatya Airport Transfer Service:<br \/>\nHotel Transfer, Congress and Commercial Transfer Services, Airport Transfer, VIP Welcome, Seminar &amp; Meeting, Sports Activities, Special Services, Wedding, Engagement, Marriage, Valentine&#8217;s Day Activities, Moonlight Cruises, Funerals, Nightlife &amp; City Tours, Bachelorette Parties , Birthday Celebrations, Anniversaries and Special Nights, Special Business Meals, Casino Tours &#8230; We are at your side with 24\/7 service quality.[\/vc_column_text][\/vc_column][\/vc_row]<\/p>\n<\/div>","protected":false},"excerpt":{"rendered":"<p>[vc_row][vc_column][vc_column_text]Come to our Malatya Airport Transfer Company and enjoy our hospitality and warm attention while your transactions are being made. Malatya Airport Transfer We will take you to your plane and we will pick you up from the airport again.Malatya Rent a car is the leading company of the sector, which makes Malatya Airport (Airport [&hellip;]<\/p>\n","protected":false},"author":1,"featured_media":0,"parent":0,"menu_order":0,"comment_status":"closed","ping_status":"closed","template":"","meta":{"footnotes":""},"yoast_head":"<!-- This site is optimized with the Yoast SEO Premium plugin v21.8 (Yoast SEO v22.0) - https:\/\/yoast.com\/wordpress\/plugins\/seo\/ -->\n<title>Malatya Havaalan\u0131 Transfer - Malatya Airport Transfer - Shuttle Hizmeti<\/title>\n<meta name=\"description\" content=\"Malatya Havaalan\u0131 Transfer Elaz\u0131\u011f, Elbistan ve Civar\u0131nda Vip transfer hizmetleri Shuttle Servis Malatya Rent A Car ile G\u00fcvenin Do\u011fru Adresi.\" \/>\n<meta name=\"robots\" content=\"index, follow, max-snippet:-1, max-image-preview:large, max-video-preview:-1\" \/>\n<link rel=\"canonical\" href=\"https:\/\/www.malatyaoto.net\/transfer\/\" \/>\n<meta property=\"og:locale\" content=\"en_US\" \/>\n<meta property=\"og:type\" content=\"article\" \/>\n<meta property=\"og:title\" content=\"Transfer\" \/>\n<meta property=\"og:description\" content=\"Malatya Havaalan\u0131 Transfer Elaz\u0131\u011f, Elbistan ve Civar\u0131nda Vip transfer hizmetleri Shuttle Servis Malatya Rent A Car ile G\u00fcvenin Do\u011fru Adresi.\" \/>\n<meta property=\"og:url\" content=\"https:\/\/www.malatyaoto.net\/transfer\/\" \/>\n<meta property=\"og:site_name\" content=\"Malatya Oto Kiralama - Havaliman\u0131 Ara\u00e7 Kiralama - Malatya Rent A CarMalatya Oto Kiralama\" \/>\n<meta property=\"article:publisher\" content=\"https:\/\/www.facebook.com\/ComeRent\/\" \/>\n<meta property=\"article:modified_time\" content=\"2023-11-14T21:17:29+00:00\" \/>\n<meta property=\"og:image\" content=\"https:\/\/www.malatyaoto.net\/wp-content\/uploads\/2019\/07\/Transfer.jpg\" \/>\n<meta name=\"twitter:card\" content=\"summary_large_image\" \/>\n<meta name=\"twitter:label1\" content=\"Est. reading time\" \/>\n\t<meta name=\"twitter:data1\" content=\"1 minute\" \/>\n<script type=\"application\/ld+json\" class=\"yoast-schema-graph\">{\"@context\":\"https:\/\/schema.org\",\"@graph\":[{\"@type\":\"WebPage\",\"@id\":\"https:\/\/www.malatyaoto.net\/transfer\/\",\"url\":\"https:\/\/www.malatyaoto.net\/transfer\/\",\"name\":\"Malatya Havaalan\u0131 Transfer - Malatya Airport Transfer - Shuttle Hizmeti\",\"isPartOf\":{\"@id\":\"https:\/\/www.malatyaoto.net\/#website\"},\"datePublished\":\"2016-03-18T18:12:41+00:00\",\"dateModified\":\"2023-11-14T21:17:29+00:00\",\"description\":\"Malatya Havaalan\u0131 Transfer Elaz\u0131\u011f, Elbistan ve Civar\u0131nda Vip transfer hizmetleri Shuttle Servis Malatya Rent A Car ile G\u00fcvenin Do\u011fru Adresi.\",\"breadcrumb\":{\"@id\":\"https:\/\/www.malatyaoto.net\/transfer\/#breadcrumb\"},\"inLanguage\":\"en-US\",\"potentialAction\":[{\"@type\":\"ReadAction\",\"target\":[\"https:\/\/www.malatyaoto.net\/transfer\/\"]}]},{\"@type\":\"BreadcrumbList\",\"@id\":\"https:\/\/www.malatyaoto.net\/transfer\/#breadcrumb\",\"itemListElement\":[{\"@type\":\"ListItem\",\"position\":1,\"name\":\"Home\",\"item\":\"https:\/\/www.malatyaoto.net\/\"},{\"@type\":\"ListItem\",\"position\":2,\"name\":\"Transfer\"}]},{\"@type\":\"WebSite\",\"@id\":\"https:\/\/www.malatyaoto.net\/#website\",\"url\":\"https:\/\/www.malatyaoto.net\/\",\"name\":\"Malatya Oto Kiralama -Malatya Havaliman\u0131 Ara\u00e7 Kiralama - Malatya Rent A Car\",\"description\":\"\",\"publisher\":{\"@id\":\"https:\/\/www.malatyaoto.net\/#organization\"},\"potentialAction\":[{\"@type\":\"SearchAction\",\"target\":{\"@type\":\"EntryPoint\",\"urlTemplate\":\"https:\/\/www.malatyaoto.net\/?s={search_term_string}\"},\"query-input\":\"required name=search_term_string\"}],\"inLanguage\":\"en-US\"},{\"@type\":\"Organization\",\"@id\":\"https:\/\/www.malatyaoto.net\/#organization\",\"name\":\"MOto\",\"url\":\"https:\/\/www.malatyaoto.net\/\",\"logo\":{\"@type\":\"ImageObject\",\"inLanguage\":\"en-US\",\"@id\":\"https:\/\/www.malatyaoto.net\/#\/schema\/logo\/image\/\",\"url\":\"https:\/\/www.malatyaoto.net\/wp-content\/uploads\/2020\/02\/Malatya-Oto-Kiralama-Logo-e1581945808130.png\",\"contentUrl\":\"https:\/\/www.malatyaoto.net\/wp-content\/uploads\/2020\/02\/Malatya-Oto-Kiralama-Logo-e1581945808130.png\",\"width\":75,\"height\":65,\"caption\":\"MOto\"},\"image\":{\"@id\":\"https:\/\/www.malatyaoto.net\/#\/schema\/logo\/image\/\"},\"sameAs\":[\"https:\/\/www.facebook.com\/ComeRent\/\"]}]}<\/script>\n<!-- \/ Yoast SEO Premium plugin. -->","yoast_head_json":{"title":"Malatya Havaalan\u0131 Transfer - Malatya Airport Transfer - Shuttle Hizmeti","description":"Malatya Havaalan\u0131 Transfer Elaz\u0131\u011f, Elbistan ve Civar\u0131nda Vip transfer hizmetleri Shuttle Servis Malatya Rent A Car ile G\u00fcvenin Do\u011fru Adresi.","robots":{"index":"index","follow":"follow","max-snippet":"max-snippet:-1","max-image-preview":"max-image-preview:large","max-video-preview":"max-video-preview:-1"},"canonical":"https:\/\/www.malatyaoto.net\/transfer\/","og_locale":"en_US","og_type":"article","og_title":"Transfer","og_description":"Malatya Havaalan\u0131 Transfer Elaz\u0131\u011f, Elbistan ve Civar\u0131nda Vip transfer hizmetleri Shuttle Servis Malatya Rent A Car ile G\u00fcvenin Do\u011fru Adresi.","og_url":"https:\/\/www.malatyaoto.net\/transfer\/","og_site_name":"Malatya Oto Kiralama - Havaliman\u0131 Ara\u00e7 Kiralama - Malatya Rent A CarMalatya Oto Kiralama","article_publisher":"https:\/\/www.facebook.com\/ComeRent\/","article_modified_time":"2023-11-14T21:17:29+00:00","og_image":[{"url":"https:\/\/www.malatyaoto.net\/wp-content\/uploads\/2019\/07\/Transfer.jpg"}],"twitter_card":"summary_large_image","twitter_misc":{"Est. reading time":"1 minute"},"schema":{"@context":"https:\/\/schema.org","@graph":[{"@type":"WebPage","@id":"https:\/\/www.malatyaoto.net\/transfer\/","url":"https:\/\/www.malatyaoto.net\/transfer\/","name":"Malatya Havaalan\u0131 Transfer - Malatya Airport Transfer - Shuttle Hizmeti","isPartOf":{"@id":"https:\/\/www.malatyaoto.net\/#website"},"datePublished":"2016-03-18T18:12:41+00:00","dateModified":"2023-11-14T21:17:29+00:00","description":"Malatya Havaalan\u0131 Transfer Elaz\u0131\u011f, Elbistan ve Civar\u0131nda Vip transfer hizmetleri Shuttle Servis Malatya Rent A Car ile G\u00fcvenin Do\u011fru Adresi.","breadcrumb":{"@id":"https:\/\/www.malatyaoto.net\/transfer\/#breadcrumb"},"inLanguage":"en-US","potentialAction":[{"@type":"ReadAction","target":["https:\/\/www.malatyaoto.net\/transfer\/"]}]},{"@type":"BreadcrumbList","@id":"https:\/\/www.malatyaoto.net\/transfer\/#breadcrumb","itemListElement":[{"@type":"ListItem","position":1,"name":"Home","item":"https:\/\/www.malatyaoto.net\/"},{"@type":"ListItem","position":2,"name":"Transfer"}]},{"@type":"WebSite","@id":"https:\/\/www.malatyaoto.net\/#website","url":"https:\/\/www.malatyaoto.net\/","name":"Malatya Oto Kiralama -Malatya Havaliman\u0131 Ara\u00e7 Kiralama - Malatya Rent A Car","description":"","publisher":{"@id":"https:\/\/www.malatyaoto.net\/#organization"},"potentialAction":[{"@type":"SearchAction","target":{"@type":"EntryPoint","urlTemplate":"https:\/\/www.malatyaoto.net\/?s={search_term_string}"},"query-input":"required name=search_term_string"}],"inLanguage":"en-US"},{"@type":"Organization","@id":"https:\/\/www.malatyaoto.net\/#organization","name":"MOto","url":"https:\/\/www.malatyaoto.net\/","logo":{"@type":"ImageObject","inLanguage":"en-US","@id":"https:\/\/www.malatyaoto.net\/#\/schema\/logo\/image\/","url":"https:\/\/www.malatyaoto.net\/wp-content\/uploads\/2020\/02\/Malatya-Oto-Kiralama-Logo-e1581945808130.png","contentUrl":"https:\/\/www.malatyaoto.net\/wp-content\/uploads\/2020\/02\/Malatya-Oto-Kiralama-Logo-e1581945808130.png","width":75,"height":65,"caption":"MOto"},"image":{"@id":"https:\/\/www.malatyaoto.net\/#\/schema\/logo\/image\/"},"sameAs":["https:\/\/www.facebook.com\/ComeRent\/"]}]}},"_links":{"self":[{"href":"https:\/\/www.malatyaoto.net\/en\/wp-json\/wp\/v2\/pages\/450"}],"collection":[{"href":"https:\/\/www.malatyaoto.net\/en\/wp-json\/wp\/v2\/pages"}],"about":[{"href":"https:\/\/www.malatyaoto.net\/en\/wp-json\/wp\/v2\/types\/page"}],"author":[{"embeddable":true,"href":"https:\/\/www.malatyaoto.net\/en\/wp-json\/wp\/v2\/users\/1"}],"replies":[{"embeddable":true,"href":"https:\/\/www.malatyaoto.net\/en\/wp-json\/wp\/v2\/comments?post=450"}],"version-history":[{"count":2,"href":"https:\/\/www.malatyaoto.net\/en\/wp-json\/wp\/v2\/pages\/450\/revisions"}],"predecessor-version":[{"id":860,"href":"https:\/\/www.malatyaoto.net\/en\/wp-json\/wp\/v2\/pages\/450\/revisions\/860"}],"wp:attachment":[{"href":"https:\/\/www.malatyaoto.net\/en\/wp-json\/wp\/v2\/media?parent=450"}],"curies":[{"name":"wp","href":"https:\/\/api.w.org\/{rel}","templated":true}]}}