{"id":471,"date":"2016-04-01T00:04:11","date_gmt":"2016-03-31T21:04:11","guid":{"rendered":"http:\/\/wordpress-rent-a-car-temasi.dijilab.com\/yaren\/?page_id=471"},"modified":"2023-11-15T00:02:23","modified_gmt":"2023-11-14T21:02:23","slug":"arsiv","status":"publish","type":"page","link":"https:\/\/www.malatyaoto.net\/en\/arsiv\/","title":{"rendered":"Ar\u015fiv"},"content":{"rendered":"<p><b>Car Rental Malatya <\/b><span style=\"font-weight: 400;\">is one of the selected companies in the sector and it is the car rental company that meets all the car rental needs of Malatya. From the moment we stepped into the sector, by keeping individual satisfaction always in the forefront, not to ignore quality. It has come to this day. For this day, our company, which is located in Malatya for 7 days 24 hours economic and luxury vehicles with our valued customers to provide the best and highest quality service we are making extraordinary efforts. Malatya Rent A Car, which offers these facilities to everyone, provides this service with its own vehicles. We always follow the changes in life and use the latest and safest technology. <a href=\"\/en\/arac-filomuz\/\">Our priority goal is 100% customer satisfaction.<\/a><\/span><\/p>\n<h2><b>Car Rental Malatya You<\/b><\/h2>\n<p><span style=\"font-weight: 400;\">will be amazed by the untouched nature of our Malatya with its natural beauties that offer unique images from each period of the year, comfort and happiness on foot with its nature. Turgut \u00d6zal natural park is waiting for you as wonders waiting to be discovered. Since nature parks are far from the center, it is considered one of the region&#8217;s leading car rental companies. Rent a Car Malatya &#8216;convenient and comfortable car rental in your pocket.<\/span><\/p>\n<p><span style=\"font-weight: 400;\">Because we know the importance and value of time for you. While other companies can transport you for hours, our company prepares and delivers your car within minutes. Both your car and your vehicle in advance before you arrive in case you expect to be ready to be delivered. In this way, you can start your holiday at the moment you buy Malatya Oto. Our company has been the center of attention of all customers who have come to our service thanks to the dedicated service it has been giving for years. When we say car rental service in Malatya and nearby regions, we can say that we are one of the first companies that comes to mind.<\/span><\/p>\n<p><span style=\"font-weight: 400;\">When we say car rental service in Malatya and nearby regions, we can say that we are one of the first companies that comes to mind. With\u00a0 enjoy the convenient paid car rental. Cheapest, flexible and the only place you can find the opportunity to rent a car at close range.<\/span><\/p>\n<p><a href=\"https:\/\/www.malatyarentacar.net\/\"><img loading=\"lazy\" decoding=\"async\" class=\"alignnone wp-image-570\" src=\"https:\/\/www.malatyaoto.net\/wp-content\/uploads\/2019\/06\/Navigasyon.jpg\" alt=\"Car Rental Malatya\" width=\"200\" height=\"99\" \/><\/a><\/p>","protected":false},"excerpt":{"rendered":"<p>Car Rental Malatya is one of the selected companies in the sector and it is the car rental company that meets all the car rental needs of Malatya. From the moment we stepped into the sector, by keeping individual satisfaction always in the forefront, not to ignore quality. It has come to this day. For [&hellip;]<\/p>\n","protected":false},"author":1,"featured_media":0,"parent":0,"menu_order":0,"comment_status":"closed","ping_status":"closed","template":"template-vehicles-2.php","meta":{"footnotes":""},"yoast_head":"<!-- This site is optimized with the Yoast SEO Premium plugin v21.8 (Yoast SEO v22.0) - https:\/\/yoast.com\/wordpress\/plugins\/seo\/ -->\n<title>Oto Kiralama Malatya - Ucuz Araba Kiralama Malatya - Havaalan\u0131 Transfer<\/title>\n<meta name=\"description\" content=\"Oto Kiralama Malatya B\u00f6lgesindeki en geni\u015f kapsaml\u0131 ara\u00e7 kiralama firmas\u0131d\u0131r. Elaz\u0131\u011f, Ad\u0131yaman , Elbistan ve \u00e7evre b\u00f6lgelerde sizlerleyiz.\" \/>\n<meta name=\"robots\" content=\"index, follow, max-snippet:-1, max-image-preview:large, max-video-preview:-1\" \/>\n<link rel=\"canonical\" href=\"https:\/\/www.malatyaoto.net\/arsiv\/\" \/>\n<meta property=\"og:locale\" content=\"en_US\" \/>\n<meta property=\"og:type\" content=\"article\" \/>\n<meta property=\"og:title\" content=\"Ar\u015fiv\" \/>\n<meta property=\"og:description\" content=\"Oto Kiralama Malatya B\u00f6lgesindeki en geni\u015f kapsaml\u0131 ara\u00e7 kiralama firmas\u0131d\u0131r. Elaz\u0131\u011f, Ad\u0131yaman , Elbistan ve \u00e7evre b\u00f6lgelerde sizlerleyiz.\" \/>\n<meta property=\"og:url\" content=\"https:\/\/www.malatyaoto.net\/arsiv\/\" \/>\n<meta property=\"og:site_name\" content=\"Malatya Oto Kiralama - Havaliman\u0131 Ara\u00e7 Kiralama - Malatya Rent A CarMalatya Oto Kiralama\" \/>\n<meta property=\"article:publisher\" content=\"https:\/\/www.facebook.com\/ComeRent\/\" \/>\n<meta property=\"article:modified_time\" content=\"2023-11-14T21:02:23+00:00\" \/>\n<meta property=\"og:image\" content=\"http:\/\/www.malatyaoto.net\/wp-content\/uploads\/2019\/07\/Kiralik-Araba-Malatya.jpg\" \/>\n<meta name=\"twitter:card\" content=\"summary_large_image\" \/>\n<meta name=\"twitter:label1\" content=\"Est. reading time\" \/>\n\t<meta name=\"twitter:data1\" content=\"2 minutes\" \/>\n<script type=\"application\/ld+json\" class=\"yoast-schema-graph\">{\"@context\":\"https:\/\/schema.org\",\"@graph\":[{\"@type\":\"WebPage\",\"@id\":\"https:\/\/www.malatyaoto.net\/arsiv\/\",\"url\":\"https:\/\/www.malatyaoto.net\/arsiv\/\",\"name\":\"Oto Kiralama Malatya - Ucuz Araba Kiralama Malatya - Havaalan\u0131 Transfer\",\"isPartOf\":{\"@id\":\"https:\/\/www.malatyaoto.net\/#website\"},\"datePublished\":\"2016-03-31T21:04:11+00:00\",\"dateModified\":\"2023-11-14T21:02:23+00:00\",\"description\":\"Oto Kiralama Malatya B\u00f6lgesindeki en geni\u015f kapsaml\u0131 ara\u00e7 kiralama firmas\u0131d\u0131r. Elaz\u0131\u011f, Ad\u0131yaman , Elbistan ve \u00e7evre b\u00f6lgelerde sizlerleyiz.\",\"breadcrumb\":{\"@id\":\"https:\/\/www.malatyaoto.net\/arsiv\/#breadcrumb\"},\"inLanguage\":\"en-US\",\"potentialAction\":[{\"@type\":\"ReadAction\",\"target\":[\"https:\/\/www.malatyaoto.net\/arsiv\/\"]}]},{\"@type\":\"BreadcrumbList\",\"@id\":\"https:\/\/www.malatyaoto.net\/arsiv\/#breadcrumb\",\"itemListElement\":[{\"@type\":\"ListItem\",\"position\":1,\"name\":\"Home\",\"item\":\"https:\/\/www.malatyaoto.net\/\"},{\"@type\":\"ListItem\",\"position\":2,\"name\":\"Ar\u015fiv\"}]},{\"@type\":\"WebSite\",\"@id\":\"https:\/\/www.malatyaoto.net\/#website\",\"url\":\"https:\/\/www.malatyaoto.net\/\",\"name\":\"Malatya Oto Kiralama -Malatya Havaliman\u0131 Ara\u00e7 Kiralama - Malatya Rent A Car\",\"description\":\"\",\"publisher\":{\"@id\":\"https:\/\/www.malatyaoto.net\/#organization\"},\"potentialAction\":[{\"@type\":\"SearchAction\",\"target\":{\"@type\":\"EntryPoint\",\"urlTemplate\":\"https:\/\/www.malatyaoto.net\/?s={search_term_string}\"},\"query-input\":\"required name=search_term_string\"}],\"inLanguage\":\"en-US\"},{\"@type\":\"Organization\",\"@id\":\"https:\/\/www.malatyaoto.net\/#organization\",\"name\":\"MOto\",\"url\":\"https:\/\/www.malatyaoto.net\/\",\"logo\":{\"@type\":\"ImageObject\",\"inLanguage\":\"en-US\",\"@id\":\"https:\/\/www.malatyaoto.net\/#\/schema\/logo\/image\/\",\"url\":\"https:\/\/www.malatyaoto.net\/wp-content\/uploads\/2020\/02\/Malatya-Oto-Kiralama-Logo-e1581945808130.png\",\"contentUrl\":\"https:\/\/www.malatyaoto.net\/wp-content\/uploads\/2020\/02\/Malatya-Oto-Kiralama-Logo-e1581945808130.png\",\"width\":75,\"height\":65,\"caption\":\"MOto\"},\"image\":{\"@id\":\"https:\/\/www.malatyaoto.net\/#\/schema\/logo\/image\/\"},\"sameAs\":[\"https:\/\/www.facebook.com\/ComeRent\/\"]}]}<\/script>\n<!-- \/ Yoast SEO Premium plugin. -->","yoast_head_json":{"title":"Oto Kiralama Malatya - Ucuz Araba Kiralama Malatya - Havaalan\u0131 Transfer","description":"Oto Kiralama Malatya B\u00f6lgesindeki en geni\u015f kapsaml\u0131 ara\u00e7 kiralama firmas\u0131d\u0131r. Elaz\u0131\u011f, Ad\u0131yaman , Elbistan ve \u00e7evre b\u00f6lgelerde sizlerleyiz.","robots":{"index":"index","follow":"follow","max-snippet":"max-snippet:-1","max-image-preview":"max-image-preview:large","max-video-preview":"max-video-preview:-1"},"canonical":"https:\/\/www.malatyaoto.net\/arsiv\/","og_locale":"en_US","og_type":"article","og_title":"Ar\u015fiv","og_description":"Oto Kiralama Malatya B\u00f6lgesindeki en geni\u015f kapsaml\u0131 ara\u00e7 kiralama firmas\u0131d\u0131r. Elaz\u0131\u011f, Ad\u0131yaman , Elbistan ve \u00e7evre b\u00f6lgelerde sizlerleyiz.","og_url":"https:\/\/www.malatyaoto.net\/arsiv\/","og_site_name":"Malatya Oto Kiralama - Havaliman\u0131 Ara\u00e7 Kiralama - Malatya Rent A CarMalatya Oto Kiralama","article_publisher":"https:\/\/www.facebook.com\/ComeRent\/","article_modified_time":"2023-11-14T21:02:23+00:00","og_image":[{"url":"http:\/\/www.malatyaoto.net\/wp-content\/uploads\/2019\/07\/Kiralik-Araba-Malatya.jpg"}],"twitter_card":"summary_large_image","twitter_misc":{"Est. reading time":"2 minutes"},"schema":{"@context":"https:\/\/schema.org","@graph":[{"@type":"WebPage","@id":"https:\/\/www.malatyaoto.net\/arsiv\/","url":"https:\/\/www.malatyaoto.net\/arsiv\/","name":"Oto Kiralama Malatya - Ucuz Araba Kiralama Malatya - Havaalan\u0131 Transfer","isPartOf":{"@id":"https:\/\/www.malatyaoto.net\/#website"},"datePublished":"2016-03-31T21:04:11+00:00","dateModified":"2023-11-14T21:02:23+00:00","description":"Oto Kiralama Malatya B\u00f6lgesindeki en geni\u015f kapsaml\u0131 ara\u00e7 kiralama firmas\u0131d\u0131r. Elaz\u0131\u011f, Ad\u0131yaman , Elbistan ve \u00e7evre b\u00f6lgelerde sizlerleyiz.","breadcrumb":{"@id":"https:\/\/www.malatyaoto.net\/arsiv\/#breadcrumb"},"inLanguage":"en-US","potentialAction":[{"@type":"ReadAction","target":["https:\/\/www.malatyaoto.net\/arsiv\/"]}]},{"@type":"BreadcrumbList","@id":"https:\/\/www.malatyaoto.net\/arsiv\/#breadcrumb","itemListElement":[{"@type":"ListItem","position":1,"name":"Home","item":"https:\/\/www.malatyaoto.net\/"},{"@type":"ListItem","position":2,"name":"Ar\u015fiv"}]},{"@type":"WebSite","@id":"https:\/\/www.malatyaoto.net\/#website","url":"https:\/\/www.malatyaoto.net\/","name":"Malatya Oto Kiralama -Malatya Havaliman\u0131 Ara\u00e7 Kiralama - Malatya Rent A Car","description":"","publisher":{"@id":"https:\/\/www.malatyaoto.net\/#organization"},"potentialAction":[{"@type":"SearchAction","target":{"@type":"EntryPoint","urlTemplate":"https:\/\/www.malatyaoto.net\/?s={search_term_string}"},"query-input":"required name=search_term_string"}],"inLanguage":"en-US"},{"@type":"Organization","@id":"https:\/\/www.malatyaoto.net\/#organization","name":"MOto","url":"https:\/\/www.malatyaoto.net\/","logo":{"@type":"ImageObject","inLanguage":"en-US","@id":"https:\/\/www.malatyaoto.net\/#\/schema\/logo\/image\/","url":"https:\/\/www.malatyaoto.net\/wp-content\/uploads\/2020\/02\/Malatya-Oto-Kiralama-Logo-e1581945808130.png","contentUrl":"https:\/\/www.malatyaoto.net\/wp-content\/uploads\/2020\/02\/Malatya-Oto-Kiralama-Logo-e1581945808130.png","width":75,"height":65,"caption":"MOto"},"image":{"@id":"https:\/\/www.malatyaoto.net\/#\/schema\/logo\/image\/"},"sameAs":["https:\/\/www.facebook.com\/ComeRent\/"]}]}},"_links":{"self":[{"href":"https:\/\/www.malatyaoto.net\/en\/wp-json\/wp\/v2\/pages\/471"}],"collection":[{"href":"https:\/\/www.malatyaoto.net\/en\/wp-json\/wp\/v2\/pages"}],"about":[{"href":"https:\/\/www.malatyaoto.net\/en\/wp-json\/wp\/v2\/types\/page"}],"author":[{"embeddable":true,"href":"https:\/\/www.malatyaoto.net\/en\/wp-json\/wp\/v2\/users\/1"}],"replies":[{"embeddable":true,"href":"https:\/\/www.malatyaoto.net\/en\/wp-json\/wp\/v2\/comments?post=471"}],"version-history":[{"count":1,"href":"https:\/\/www.malatyaoto.net\/en\/wp-json\/wp\/v2\/pages\/471\/revisions"}],"predecessor-version":[{"id":861,"href":"https:\/\/www.malatyaoto.net\/en\/wp-json\/wp\/v2\/pages\/471\/revisions\/861"}],"wp:attachment":[{"href":"https:\/\/www.malatyaoto.net\/en\/wp-json\/wp\/v2\/media?parent=471"}],"curies":[{"name":"wp","href":"https:\/\/api.w.org\/{rel}","templated":true}]}}